{"id":181,"date":"2025-08-28T18:33:27","date_gmt":"2025-08-28T15:33:27","guid":{"rendered":"https:\/\/selfdanismanlik.com\/?page_id=181"},"modified":"2025-09-19T18:02:20","modified_gmt":"2025-09-19T15:02:20","slug":"uzmanlik-alanlarimiz","status":"publish","type":"page","link":"https:\/\/selfdanismanlik.com\/index.php\/uzmanlik-alanlarimiz\/","title":{"rendered":"Uzmanl\u0131k Alanlar\u0131m\u0131z"},"content":{"rendered":"\n<p>* <strong>KOSGEB Dan\u0131\u015fmanl\u0131k<\/strong><br>* <strong>SGK Te\u015fvikleri Dan\u0131\u015fmanl\u0131k Hizmeti<\/strong><br>* <strong>\u0130\u015f ve Sosyal G\u00fcvenlik Dan\u0131\u015fmanl\u0131\u011f\u0131<\/strong><br>* <strong>Denetim Hizmetleri<br><\/strong><\/p>\n\n\n\n<p><\/p>\n","protected":false},"excerpt":{"rendered":"<p>* KOSGEB Dan\u0131\u015fmanl\u0131k* SGK Te\u015fvikleri Dan\u0131\u015fmanl\u0131k Hizmeti* \u0130\u015f ve Sosyal G\u00fcvenlik Dan\u0131\u015fmanl\u0131\u011f\u0131* Denetim Hizmetleri<\/p>\n","protected":false},"author":1,"featured_media":0,"parent":0,"menu_order":0,"comment_status":"closed","ping_status":"closed","template":"","meta":{"footnotes":""},"class_list":["post-181","page","type-page","status-publish","hentry"],"_links":{"self":[{"href":"https:\/\/selfdanismanlik.com\/index.php\/wp-json\/wp\/v2\/pages\/181","targetHints":{"allow":["GET"]}}],"collection":[{"href":"https:\/\/selfdanismanlik.com\/index.php\/wp-json\/wp\/v2\/pages"}],"about":[{"href":"https:\/\/selfdanismanlik.com\/index.php\/wp-json\/wp\/v2\/types\/page"}],"author":[{"embeddable":true,"href":"https:\/\/selfdanismanlik.com\/index.php\/wp-json\/wp\/v2\/users\/1"}],"replies":[{"embeddable":true,"href":"https:\/\/selfdanismanlik.com\/index.php\/wp-json\/wp\/v2\/comments?post=181"}],"version-history":[{"count":4,"href":"https:\/\/selfdanismanlik.com\/index.php\/wp-json\/wp\/v2\/pages\/181\/revisions"}],"predecessor-version":[{"id":206,"href":"https:\/\/selfdanismanlik.com\/index.php\/wp-json\/wp\/v2\/pages\/181\/revisions\/206"}],"wp:attachment":[{"href":"https:\/\/selfdanismanlik.com\/index.php\/wp-json\/wp\/v2\/media?parent=181"}],"curies":[{"name":"wp","href":"https:\/\/api.w.org\/{rel}","templated":true}]}}