{"id":166,"date":"2025-08-28T13:02:03","date_gmt":"2025-08-28T10:02:03","guid":{"rendered":"https:\/\/selfdanismanlik.com\/?page_id=166"},"modified":"2025-09-19T17:52:00","modified_gmt":"2025-09-19T14:52:00","slug":"asgari-iscilik-danismanligi","status":"publish","type":"page","link":"https:\/\/selfdanismanlik.com\/index.php\/asgari-iscilik-danismanligi\/","title":{"rendered":"Asgari \u0130\u015f\u00e7ilik Dan\u0131\u015fmanl\u0131\u011f\u0131"},"content":{"rendered":"\n<p class=\"has-contrast-color has-text-color has-link-color wp-elements-81777ff15efc1172c47616dda55c74fe\">Asgari i\u015f\u00e7ilik dan\u0131\u015fmanl\u0131\u011f\u0131, Sosyal G\u00fcvenlik Kurumu\u2019nun belirledi\u011fi asgari i\u015f\u00e7ilik oranlar\u0131n\u0131n do\u011fru \u015fekilde tespit edilmesi ve uygulamaya ge\u00e7irilmesi konusunda i\u015fletmelere rehberlik eden bir hizmettir. \u00d6zellikle ihale konusu i\u015fler, in\u015faat projeleri ve baz\u0131 sekt\u00f6rlerde SGK taraf\u0131ndan yap\u0131lan denetimlerde asgari i\u015f\u00e7ilik hesaplamalar\u0131 b\u00fcy\u00fck \u00f6nem ta\u015f\u0131r. Bu dan\u0131\u015fmanl\u0131k sayesinde i\u015fverenlerin gereksiz prim bor\u00e7lar\u0131yla kar\u015f\u0131la\u015fmas\u0131n\u0131n \u00f6n\u00fcne ge\u00e7ilir, mevzuata uyum sa\u011flan\u0131r ve olas\u0131 idari para cezalar\u0131 engellenir. Ayr\u0131ca i\u015fletmelerin maliyetlerini kontrol alt\u0131nda tutarak daha g\u00fcvenli ve \u015feffaf bir \u015fekilde faaliyet g\u00f6stermelerine katk\u0131 sa\u011flan\u0131r.<\/p>\n","protected":false},"excerpt":{"rendered":"<p>Asgari i\u015f\u00e7ilik dan\u0131\u015fmanl\u0131\u011f\u0131, Sosyal G\u00fcvenlik Kurumu\u2019nun belirledi\u011fi asgari i\u015f\u00e7ilik oranlar\u0131n\u0131n do\u011fru \u015fekilde tespit edilmesi ve uygulamaya ge\u00e7irilmesi konusunda i\u015fletmelere rehberlik eden bir hizmettir. \u00d6zellikle ihale konusu i\u015fler, in\u015faat projeleri ve baz\u0131 sekt\u00f6rlerde SGK taraf\u0131ndan yap\u0131lan denetimlerde asgari i\u015f\u00e7ilik hesaplamalar\u0131 b\u00fcy\u00fck \u00f6nem ta\u015f\u0131r. Bu dan\u0131\u015fmanl\u0131k sayesinde i\u015fverenlerin gereksiz prim bor\u00e7lar\u0131yla kar\u015f\u0131la\u015fmas\u0131n\u0131n \u00f6n\u00fcne ge\u00e7ilir, mevzuata uyum sa\u011flan\u0131r [&hellip;]<\/p>\n","protected":false},"author":1,"featured_media":0,"parent":0,"menu_order":0,"comment_status":"closed","ping_status":"closed","template":"","meta":{"footnotes":""},"class_list":["post-166","page","type-page","status-publish","hentry"],"_links":{"self":[{"href":"https:\/\/selfdanismanlik.com\/index.php\/wp-json\/wp\/v2\/pages\/166","targetHints":{"allow":["GET"]}}],"collection":[{"href":"https:\/\/selfdanismanlik.com\/index.php\/wp-json\/wp\/v2\/pages"}],"about":[{"href":"https:\/\/selfdanismanlik.com\/index.php\/wp-json\/wp\/v2\/types\/page"}],"author":[{"embeddable":true,"href":"https:\/\/selfdanismanlik.com\/index.php\/wp-json\/wp\/v2\/users\/1"}],"replies":[{"embeddable":true,"href":"https:\/\/selfdanismanlik.com\/index.php\/wp-json\/wp\/v2\/comments?post=166"}],"version-history":[{"count":2,"href":"https:\/\/selfdanismanlik.com\/index.php\/wp-json\/wp\/v2\/pages\/166\/revisions"}],"predecessor-version":[{"id":202,"href":"https:\/\/selfdanismanlik.com\/index.php\/wp-json\/wp\/v2\/pages\/166\/revisions\/202"}],"wp:attachment":[{"href":"https:\/\/selfdanismanlik.com\/index.php\/wp-json\/wp\/v2\/media?parent=166"}],"curies":[{"name":"wp","href":"https:\/\/api.w.org\/{rel}","templated":true}]}}