{"id":107,"date":"2025-08-28T12:05:01","date_gmt":"2025-08-28T09:05:01","guid":{"rendered":"https:\/\/selfdanismanlik.com\/?page_id=107"},"modified":"2025-09-19T17:48:46","modified_gmt":"2025-09-19T14:48:46","slug":"toplu-is-hukuku-danismanligi","status":"publish","type":"page","link":"https:\/\/selfdanismanlik.com\/index.php\/toplu-is-hukuku-danismanligi\/","title":{"rendered":"Toplu \u0130\u015f Hukuku Dan\u0131\u015fmanl\u0131\u011f\u0131"},"content":{"rendered":"\n<p class=\"has-contrast-color has-text-color has-link-color wp-elements-e479e8ecc0cc3ef756549c2cb2a6d746\">Toplu i\u015f hukuku dan\u0131\u015fmanl\u0131\u011f\u0131, i\u015fverenler ile \u00e7al\u0131\u015fanlar\u0131n sendikalar\u0131 aras\u0131nda y\u00fcr\u00fct\u00fclen toplu i\u015f ili\u015fkilerinde hukuki destek ve rehberlik sa\u011flayan bir hizmettir. Bu kapsamda toplu i\u015f s\u00f6zle\u015fmelerinin haz\u0131rlanmas\u0131, m\u00fczakerelerin y\u00fcr\u00fct\u00fclmesi, grev ve lokavt s\u00fcre\u00e7lerinin y\u00f6netilmesi, uyu\u015fmazl\u0131klar\u0131n \u00e7\u00f6z\u00fcm\u00fc ve sendikal haklar\u0131n korunmas\u0131 gibi konularda profesyonel dan\u0131\u015fmanl\u0131k sunulur. Toplu i\u015f hukuku dan\u0131\u015fmanl\u0131\u011f\u0131 sayesinde hem i\u015fverenin yasal y\u00fck\u00fcml\u00fcl\u00fckleri g\u00fcvence alt\u0131na al\u0131n\u0131r hem de \u00e7al\u0131\u015fanlar\u0131n haklar\u0131n\u0131n korunarak i\u015f bar\u0131\u015f\u0131n\u0131n s\u00fcrd\u00fcr\u00fclebilirli\u011fi sa\u011flan\u0131r. Bu da i\u015fletmelerin istikrarl\u0131 bir \u00e7al\u0131\u015fma ortam\u0131 olu\u015fturmas\u0131na ve uzun vadede verimlili\u011fini art\u0131rmas\u0131na katk\u0131 verir.<\/p>\n","protected":false},"excerpt":{"rendered":"<p>Toplu i\u015f hukuku dan\u0131\u015fmanl\u0131\u011f\u0131, i\u015fverenler ile \u00e7al\u0131\u015fanlar\u0131n sendikalar\u0131 aras\u0131nda y\u00fcr\u00fct\u00fclen toplu i\u015f ili\u015fkilerinde hukuki destek ve rehberlik sa\u011flayan bir hizmettir. Bu kapsamda toplu i\u015f s\u00f6zle\u015fmelerinin haz\u0131rlanmas\u0131, m\u00fczakerelerin y\u00fcr\u00fct\u00fclmesi, grev ve lokavt s\u00fcre\u00e7lerinin y\u00f6netilmesi, uyu\u015fmazl\u0131klar\u0131n \u00e7\u00f6z\u00fcm\u00fc ve sendikal haklar\u0131n korunmas\u0131 gibi konularda profesyonel dan\u0131\u015fmanl\u0131k sunulur. Toplu i\u015f hukuku dan\u0131\u015fmanl\u0131\u011f\u0131 sayesinde hem i\u015fverenin yasal y\u00fck\u00fcml\u00fcl\u00fckleri g\u00fcvence alt\u0131na [&hellip;]<\/p>\n","protected":false},"author":1,"featured_media":0,"parent":0,"menu_order":0,"comment_status":"closed","ping_status":"closed","template":"","meta":{"footnotes":""},"class_list":["post-107","page","type-page","status-publish","hentry"],"_links":{"self":[{"href":"https:\/\/selfdanismanlik.com\/index.php\/wp-json\/wp\/v2\/pages\/107","targetHints":{"allow":["GET"]}}],"collection":[{"href":"https:\/\/selfdanismanlik.com\/index.php\/wp-json\/wp\/v2\/pages"}],"about":[{"href":"https:\/\/selfdanismanlik.com\/index.php\/wp-json\/wp\/v2\/types\/page"}],"author":[{"embeddable":true,"href":"https:\/\/selfdanismanlik.com\/index.php\/wp-json\/wp\/v2\/users\/1"}],"replies":[{"embeddable":true,"href":"https:\/\/selfdanismanlik.com\/index.php\/wp-json\/wp\/v2\/comments?post=107"}],"version-history":[{"count":6,"href":"https:\/\/selfdanismanlik.com\/index.php\/wp-json\/wp\/v2\/pages\/107\/revisions"}],"predecessor-version":[{"id":200,"href":"https:\/\/selfdanismanlik.com\/index.php\/wp-json\/wp\/v2\/pages\/107\/revisions\/200"}],"wp:attachment":[{"href":"https:\/\/selfdanismanlik.com\/index.php\/wp-json\/wp\/v2\/media?parent=107"}],"curies":[{"name":"wp","href":"https:\/\/api.w.org\/{rel}","templated":true}]}}