{"id":105,"date":"2025-08-28T12:01:28","date_gmt":"2025-08-28T09:01:28","guid":{"rendered":"https:\/\/selfdanismanlik.com\/?page_id=105"},"modified":"2025-09-19T17:44:39","modified_gmt":"2025-09-19T14:44:39","slug":"is-ve-sosyal-guvenlik-danismanligi","status":"publish","type":"page","link":"https:\/\/selfdanismanlik.com\/index.php\/is-ve-sosyal-guvenlik-danismanligi\/","title":{"rendered":"\u0130\u015f ve Sosyal G\u00fcvenlik Dan\u0131\u015fmanl\u0131\u011f\u0131"},"content":{"rendered":"\n<p class=\"has-contrast-color has-text-color has-link-color wp-elements-6ddc089fe75547c0f255595d7a5aa7ff\">\u0130\u015f ve sosyal g\u00fcvenlik dan\u0131\u015fmanl\u0131\u011f\u0131, \u00e7al\u0131\u015fanlar\u0131n ve i\u015fverenlerin yasal hak ve y\u00fck\u00fcml\u00fcl\u00fcklerini do\u011fru \u015fekilde yerine getirmelerini sa\u011flamak amac\u0131yla verilen profesyonel bir hizmettir. Bu dan\u0131\u015fmanl\u0131k kapsam\u0131nda i\u015f hukuku, sosyal g\u00fcvenlik mevzuat\u0131, i\u015f sa\u011fl\u0131\u011f\u0131 ve g\u00fcvenli\u011fi, bordrolama, SGK i\u015flemleri ve te\u015fviklerden yararlanma gibi konularda rehberlik sunulur. Do\u011fru bilgi ve y\u00f6nlendirmelerle hem \u00e7al\u0131\u015fanlar\u0131n hak kayb\u0131 ya\u015famas\u0131n\u0131n \u00f6n\u00fcne ge\u00e7ilir hem de i\u015fverenlerin idari ve mali yapt\u0131r\u0131mlarla kar\u015f\u0131la\u015fmas\u0131 engellenir. B\u00f6ylece i\u015f hayat\u0131nda g\u00fcvenli, \u015feffaf ve s\u00fcrd\u00fcr\u00fclebilir bir sistem olu\u015fturmak m\u00fcmk\u00fcn olur.<\/p>\n\n\n\n<p class=\"has-contrast-color has-text-color has-link-color wp-elements-60bf8c67e2b6a9a3c02661d382b116e1\"><\/p>\n\n\n\n<p><\/p>\n","protected":false},"excerpt":{"rendered":"<p>\u0130\u015f ve sosyal g\u00fcvenlik dan\u0131\u015fmanl\u0131\u011f\u0131, \u00e7al\u0131\u015fanlar\u0131n ve i\u015fverenlerin yasal hak ve y\u00fck\u00fcml\u00fcl\u00fcklerini do\u011fru \u015fekilde yerine getirmelerini sa\u011flamak amac\u0131yla verilen profesyonel bir hizmettir. Bu dan\u0131\u015fmanl\u0131k kapsam\u0131nda i\u015f hukuku, sosyal g\u00fcvenlik mevzuat\u0131, i\u015f sa\u011fl\u0131\u011f\u0131 ve g\u00fcvenli\u011fi, bordrolama, SGK i\u015flemleri ve te\u015fviklerden yararlanma gibi konularda rehberlik sunulur. Do\u011fru bilgi ve y\u00f6nlendirmelerle hem \u00e7al\u0131\u015fanlar\u0131n hak kayb\u0131 ya\u015famas\u0131n\u0131n \u00f6n\u00fcne ge\u00e7ilir [&hellip;]<\/p>\n","protected":false},"author":1,"featured_media":0,"parent":0,"menu_order":0,"comment_status":"closed","ping_status":"closed","template":"","meta":{"footnotes":""},"class_list":["post-105","page","type-page","status-publish","hentry"],"_links":{"self":[{"href":"https:\/\/selfdanismanlik.com\/index.php\/wp-json\/wp\/v2\/pages\/105","targetHints":{"allow":["GET"]}}],"collection":[{"href":"https:\/\/selfdanismanlik.com\/index.php\/wp-json\/wp\/v2\/pages"}],"about":[{"href":"https:\/\/selfdanismanlik.com\/index.php\/wp-json\/wp\/v2\/types\/page"}],"author":[{"embeddable":true,"href":"https:\/\/selfdanismanlik.com\/index.php\/wp-json\/wp\/v2\/users\/1"}],"replies":[{"embeddable":true,"href":"https:\/\/selfdanismanlik.com\/index.php\/wp-json\/wp\/v2\/comments?post=105"}],"version-history":[{"count":2,"href":"https:\/\/selfdanismanlik.com\/index.php\/wp-json\/wp\/v2\/pages\/105\/revisions"}],"predecessor-version":[{"id":198,"href":"https:\/\/selfdanismanlik.com\/index.php\/wp-json\/wp\/v2\/pages\/105\/revisions\/198"}],"wp:attachment":[{"href":"https:\/\/selfdanismanlik.com\/index.php\/wp-json\/wp\/v2\/media?parent=105"}],"curies":[{"name":"wp","href":"https:\/\/api.w.org\/{rel}","templated":true}]}}