{"id":104,"date":"2025-08-28T12:04:19","date_gmt":"2025-08-28T09:04:19","guid":{"rendered":"https:\/\/selfdanismanlik.com\/?page_id=104"},"modified":"2025-09-19T17:46:54","modified_gmt":"2025-09-19T14:46:54","slug":"denetim-hizmetleri","status":"publish","type":"page","link":"https:\/\/selfdanismanlik.com\/index.php\/denetim-hizmetleri\/","title":{"rendered":"Denetim Hizmetleri"},"content":{"rendered":"\n<p class=\"has-contrast-color has-text-color has-link-color wp-elements-4da04fa38c7375bedafe45561364de72\">Denetim hizmetleri, i\u015fletmelerin faaliyetlerini, mali tablolar\u0131n\u0131 ve i\u015f s\u00fcre\u00e7lerini mevzuata, standartlara ve \u015firket politikalar\u0131na uygunluk a\u00e7\u0131s\u0131ndan objektif bir \u015fekilde inceleme ve de\u011ferlendirme s\u00fcrecidir. Bu hizmet sayesinde i\u015fletmelerin finansal raporlar\u0131n\u0131n g\u00fcvenilirli\u011fi art\u0131r\u0131l\u0131r, riskler tespit edilerek \u00f6nleyici tedbirler geli\u015ftirilir ve kurumsal y\u00f6netim anlay\u0131\u015f\u0131 g\u00fc\u00e7lendirilir. Denetim yaln\u0131zca hatalar\u0131 veya eksiklikleri ortaya \u00e7\u0131karmakla kalmaz, ayn\u0131 zamanda s\u00fcre\u00e7lerin iyile\u015ftirilmesine ve verimlili\u011fin art\u0131r\u0131lmas\u0131na da katk\u0131 sa\u011flar. B\u00f6ylece i\u015fletmeler hem yasal uyumu sa\u011flarken hem de s\u00fcrd\u00fcr\u00fclebilir b\u00fcy\u00fcme i\u00e7in sa\u011flam bir temel olu\u015fturur.<\/p>\n\n\n\n<p><\/p>\n","protected":false},"excerpt":{"rendered":"<p>Denetim hizmetleri, i\u015fletmelerin faaliyetlerini, mali tablolar\u0131n\u0131 ve i\u015f s\u00fcre\u00e7lerini mevzuata, standartlara ve \u015firket politikalar\u0131na uygunluk a\u00e7\u0131s\u0131ndan objektif bir \u015fekilde inceleme ve de\u011ferlendirme s\u00fcrecidir. Bu hizmet sayesinde i\u015fletmelerin finansal raporlar\u0131n\u0131n g\u00fcvenilirli\u011fi art\u0131r\u0131l\u0131r, riskler tespit edilerek \u00f6nleyici tedbirler geli\u015ftirilir ve kurumsal y\u00f6netim anlay\u0131\u015f\u0131 g\u00fc\u00e7lendirilir. Denetim yaln\u0131zca hatalar\u0131 veya eksiklikleri ortaya \u00e7\u0131karmakla kalmaz, ayn\u0131 zamanda s\u00fcre\u00e7lerin iyile\u015ftirilmesine ve [&hellip;]<\/p>\n","protected":false},"author":1,"featured_media":0,"parent":0,"menu_order":0,"comment_status":"closed","ping_status":"closed","template":"","meta":{"footnotes":""},"class_list":["post-104","page","type-page","status-publish","hentry"],"_links":{"self":[{"href":"https:\/\/selfdanismanlik.com\/index.php\/wp-json\/wp\/v2\/pages\/104","targetHints":{"allow":["GET"]}}],"collection":[{"href":"https:\/\/selfdanismanlik.com\/index.php\/wp-json\/wp\/v2\/pages"}],"about":[{"href":"https:\/\/selfdanismanlik.com\/index.php\/wp-json\/wp\/v2\/types\/page"}],"author":[{"embeddable":true,"href":"https:\/\/selfdanismanlik.com\/index.php\/wp-json\/wp\/v2\/users\/1"}],"replies":[{"embeddable":true,"href":"https:\/\/selfdanismanlik.com\/index.php\/wp-json\/wp\/v2\/comments?post=104"}],"version-history":[{"count":2,"href":"https:\/\/selfdanismanlik.com\/index.php\/wp-json\/wp\/v2\/pages\/104\/revisions"}],"predecessor-version":[{"id":199,"href":"https:\/\/selfdanismanlik.com\/index.php\/wp-json\/wp\/v2\/pages\/104\/revisions\/199"}],"wp:attachment":[{"href":"https:\/\/selfdanismanlik.com\/index.php\/wp-json\/wp\/v2\/media?parent=104"}],"curies":[{"name":"wp","href":"https:\/\/api.w.org\/{rel}","templated":true}]}}